{"id":103,"date":"2017-09-22T08:41:10","date_gmt":"2017-09-22T06:41:10","guid":{"rendered":"http:\/\/www.hmsnet.ch\/support\/?page_id=103"},"modified":"2017-09-26T14:24:47","modified_gmt":"2017-09-26T12:24:47","slug":"online","status":"publish","type":"page","link":"https:\/\/www.hms.swiss\/support\/online\/","title":{"rendered":"Demande de support en ligne"},"content":{"rendered":"<h6><img loading=\"lazy\" class=\"size-full wp-image-11 alignnone\" src=\"http:\/\/www.hmsnet.ch\/support\/wp-content\/uploads\/2015\/10\/06-10-2015-12-18-17.bmp\" alt=\"06-10-2015 12-18-17\" width=\"152\" height=\"76\" \/><br \/>\n<img loading=\"lazy\" class=\"size-full wp-image-54 alignnone\" src=\"http:\/\/www.hmsnet.ch\/support\/wp-content\/uploads\/2015\/10\/hg.jpg\" alt=\"hg\" width=\"129\" height=\"60\" \/><\/h6>\n<h4><\/h4>\n<h4><\/h4>\n<h4><\/h4>\n<h4><\/h4>\n<h3><\/h3>\n<p>&nbsp;<\/p>\n<h4>Formulaire de contact<\/h4>\n<div role=\"form\" class=\"wpcf7\" id=\"wpcf7-f5-o1\" lang=\"fr-FR\" dir=\"ltr\">\n<div class=\"screen-reader-response\"><\/div>\n<form action=\"\/support\/wp-json\/wp\/v2\/pages\/103#wpcf7-f5-o1\" method=\"post\" class=\"wpcf7-form\" enctype=\"multipart\/form-data\" novalidate=\"novalidate\">\n<div style=\"display: none;\">\n<input type=\"hidden\" name=\"_wpcf7\" value=\"5\" \/>\n<input type=\"hidden\" name=\"_wpcf7_version\" value=\"5.1\" \/>\n<input type=\"hidden\" name=\"_wpcf7_locale\" value=\"fr_FR\" \/>\n<input type=\"hidden\" name=\"_wpcf7_unit_tag\" value=\"wpcf7-f5-o1\" \/>\n<input type=\"hidden\" name=\"_wpcf7_container_post\" value=\"0\" \/>\n<input type=\"hidden\" name=\"g-recaptcha-response\" value=\"\" \/>\n<\/div>\n<p>Nom de la soci\u00e9t\u00e9 (si professionnel)<br \/>\n    <span class=\"wpcf7-form-control-wrap Societe\"><input type=\"text\" name=\"Societe\" value=\"\" size=\"40\" class=\"wpcf7-form-control wpcf7-text\" aria-invalid=\"false\" \/><\/span> <\/p>\n<p>Pr\u00e9nom (obligatoire)<br \/>\n<span class=\"wpcf7-form-control-wrap Prenom\"><input type=\"text\" name=\"Prenom\" value=\"\" size=\"40\" class=\"wpcf7-form-control wpcf7-text wpcf7-validates-as-required\" aria-required=\"true\" aria-invalid=\"false\" \/><\/span><\/p>\n<p>Nom (obligatoire)<br \/>\n<span class=\"wpcf7-form-control-wrap Nom\"><input type=\"text\" name=\"Nom\" value=\"\" size=\"40\" class=\"wpcf7-form-control wpcf7-text wpcf7-validates-as-required\" aria-required=\"true\" aria-invalid=\"false\" \/><\/span> <\/p>\n<p>E-mail <font color=red>(Elle sera utilis\u00e9e pour la r\u00e9ponse : v\u00e9rifier son exactitude)<br \/>\n<span class=\"wpcf7-form-control-wrap mail\"><input type=\"email\" name=\"mail\" value=\"\" size=\"40\" class=\"wpcf7-form-control wpcf7-text wpcf7-email wpcf7-validates-as-required wpcf7-validates-as-email\" aria-required=\"true\" aria-invalid=\"false\" \/><\/span> <\/font><\/p>\n<p>T\u00e9l\u00e9phone (obligatoire)<br \/>\n<span class=\"wpcf7-form-control-wrap Telephonefixe\"><input type=\"tel\" name=\"Telephonefixe\" value=\"\" size=\"40\" class=\"wpcf7-form-control wpcf7-text wpcf7-tel wpcf7-validates-as-required wpcf7-validates-as-tel\" aria-required=\"true\" aria-invalid=\"false\" \/><\/span><\/p>\n<p>Natel<br \/>\n<span class=\"wpcf7-form-control-wrap Natel\"><input type=\"tel\" name=\"Natel\" value=\"\" size=\"40\" class=\"wpcf7-form-control wpcf7-text wpcf7-tel wpcf7-validates-as-tel\" aria-invalid=\"false\" \/><\/span><\/p>\n<p>Type de demande<br \/>\n<span class=\"wpcf7-form-control-wrap Typededemande\"><select name=\"Typededemande\" class=\"wpcf7-form-control wpcf7-select wpcf7-validates-as-required\" aria-required=\"true\" aria-invalid=\"false\"><option value=\"\">---<\/option><option value=\"Renseignement\">Renseignement<\/option><option value=\"Incident mat\u00e9riel\">Incident mat\u00e9riel<\/option><option value=\"Incident logiciel\">Incident logiciel<\/option><\/select><\/span><\/p>\n<p>Nom du poste ou type et emplacement du p\u00e9riph\u00e9rique<br \/>\n<span class=\"wpcf7-form-control-wrap Poste\"><input type=\"text\" name=\"Poste\" value=\"\" size=\"40\" class=\"wpcf7-form-control wpcf7-text wpcf7-validates-as-required\" aria-required=\"true\" aria-invalid=\"false\" \/><\/span> <\/p>\n<p>Priorit\u00e9<br \/>\n<span class=\"wpcf7-form-control-wrap Priorite\"><select name=\"Priorite\" class=\"wpcf7-form-control wpcf7-select wpcf7-validates-as-required\" aria-required=\"true\" aria-invalid=\"false\"><option value=\"\">---<\/option><option value=\"Haute\">Haute<\/option><option value=\"Normale\">Normale<\/option><option value=\"Faible\">Faible<\/option><\/select><\/span><\/p>\n<p>Objet de la demande<br \/>\n<span class=\"wpcf7-form-control-wrap Objet\"><input type=\"text\" name=\"Objet\" value=\"\" size=\"40\" maxlength=\"120\" class=\"wpcf7-form-control wpcf7-text wpcf7-validates-as-required\" aria-required=\"true\" aria-invalid=\"false\" \/><\/span> <\/p>\n<p>Message <font color=red>(Veuillez d\u00e9crire le plus pr\u00e9cis\u00e9ment possible votre demande)<br \/>\n<span class=\"wpcf7-form-control-wrap Message\"><textarea name=\"Message\" cols=\"40\" rows=\"10\" class=\"wpcf7-form-control wpcf7-textarea wpcf7-validates-as-required\" aria-required=\"true\" aria-invalid=\"false\"><\/textarea><\/span><\/font><br \/>\n<br\/><br \/>\n<br\/><\/p>\n<p>Pi\u00e8ce jointe<br \/>\n<span class=\"wpcf7-form-control-wrap fichier\"><input type=\"file\" name=\"fichier\" size=\"40\" class=\"wpcf7-form-control wpcf7-file\" accept=\".zip,.rar,.jpg,.bmp,.png,.xls,.xlsx,.doc,.docx,.pdf\" aria-invalid=\"false\" \/><\/span><\/p>\n<p>Pi\u00e8ce jointe 2<br \/>\n<span class=\"wpcf7-form-control-wrap fichier2\"><input type=\"file\" name=\"fichier2\" size=\"40\" class=\"wpcf7-form-control wpcf7-file\" accept=\".zip,.rar,.jpg,.bmp,.png,.xls,.xlsx,.doc,.docx,.pdf\" aria-invalid=\"false\" \/><\/span><\/p>\n<p><strong><font color=red>Attention de bien v\u00e9rifier votre adresse. Une fois votre demande valid\u00e9e, un mail avec le contenu du formulaire vous sera envoy\u00e9. Si vous ne le recevez pas, v\u00e9rifier votre dossier SPAM.<\/font><\/strong><\/p>\n<p><input type=\"submit\" value=\"Envoyer\" class=\"wpcf7-form-control wpcf7-submit\" \/><\/p>\n<div class=\"wpcf7-response-output wpcf7-display-none\"><\/div><\/form><\/div>\n<h3><\/h3>\n<p>&nbsp;<\/p>\n","protected":false},"excerpt":{"rendered":"<p>&nbsp; Formulaire de contact &nbsp;<\/p>\n","protected":false},"author":3,"featured_media":0,"parent":0,"menu_order":0,"comment_status":"closed","ping_status":"closed","template":"","meta":[],"_links":{"self":[{"href":"https:\/\/www.hms.swiss\/support\/wp-json\/wp\/v2\/pages\/103"}],"collection":[{"href":"https:\/\/www.hms.swiss\/support\/wp-json\/wp\/v2\/pages"}],"about":[{"href":"https:\/\/www.hms.swiss\/support\/wp-json\/wp\/v2\/types\/page"}],"author":[{"embeddable":true,"href":"https:\/\/www.hms.swiss\/support\/wp-json\/wp\/v2\/users\/3"}],"replies":[{"embeddable":true,"href":"https:\/\/www.hms.swiss\/support\/wp-json\/wp\/v2\/comments?post=103"}],"version-history":[{"count":9,"href":"https:\/\/www.hms.swiss\/support\/wp-json\/wp\/v2\/pages\/103\/revisions"}],"predecessor-version":[{"id":170,"href":"https:\/\/www.hms.swiss\/support\/wp-json\/wp\/v2\/pages\/103\/revisions\/170"}],"wp:attachment":[{"href":"https:\/\/www.hms.swiss\/support\/wp-json\/wp\/v2\/media?parent=103"}],"curies":[{"name":"wp","href":"https:\/\/api.w.org\/{rel}","templated":true}]}}